{"id":13496,"date":"2023-05-31T00:15:54","date_gmt":"2023-05-30T22:15:54","guid":{"rendered":"https:\/\/biomacmarkt.com\/?post_type=product&#038;p=13496"},"modified":"2024-05-29T18:41:02","modified_gmt":"2024-05-29T16:41:02","slug":"cuisiniere-a-bois-belleza-victoria-lux-15-kw","status":"publish","type":"product","link":"https:\/\/biomacmarkt.com\/?product=cuisiniere-a-bois-belleza-victoria-lux-15-kw","title":{"rendered":"Cuisini\u00e8re \u00e0 bois BELLEZA VICTORIA LUX 15 kW"},"content":{"rendered":"<p><span class=\"u-mb-lg u-block additional-attributes-row-title\"><span class=\"u-text-2xl u-inline-block u-text-semibold u-mr-xs\">Caract\u00e9ristiques techniques<\/span><\/span><\/p>\n<div class=\"additional-attributes-wrapper u-relative\">\n<div class=\"additional-attributes-block u-flex u-flex-row u-flex-column:sm u-w-full u-flex-wrap u-relative\">\n<div class=\"additional-attribute u-flex u-flex-row u-w-1\/2 u-w-full:sm u-flex-column:sm\">\n<div class=\"additional-attribute-label u-w-1\/2 u-w-full:sm u-ptb-md u-plr-lg u-bg-gray-lighter\"><span class=\"u-text-semibold u-text-sm\">Marque<\/span><\/div>\n<div class=\"additional-attribute-data u-w-1\/2 u-w-full:sm u-ptb-md u-plr-lg\"><span class=\"u-text-sm\"> BELLEZA<\/span><\/div>\n<\/div>\n<div class=\"additional-attribute u-flex u-flex-row u-w-1\/2 u-w-full:sm u-flex-column:sm\">\n<div class=\"additional-attribute-label u-w-1\/2 u-w-full:sm u-ptb-md u-plr-lg u-bg-gray-lighter\"><span class=\"u-text-semibold u-text-sm\">Type de po\u00eale<\/span><\/div>\n<div class=\"additional-attribute-data u-w-1\/2 u-w-full:sm u-ptb-md u-plr-lg\"><span class=\"u-text-sm\">Cuisini\u00e8re \u00e0 bois<\/span><\/div>\n<\/div>\n<div class=\"additional-attribute u-flex u-flex-row u-w-1\/2 u-w-full:sm u-flex-column:sm\">\n<div class=\"additional-attribute-label u-w-1\/2 u-w-full:sm u-ptb-md u-plr-lg u-bg-gray-lighter\"><span class=\"u-text-semibold u-text-sm\">Rendement<\/span><\/div>\n<div class=\"additional-attribute-data u-w-1\/2 u-w-full:sm u-ptb-md u-plr-lg\"><span class=\"u-text-sm\">76%<\/span><\/div>\n<\/div>\n<div class=\"additional-attribute u-flex u-flex-row u-w-1\/2 u-w-full:sm u-flex-column:sm\">\n<div class=\"additional-attribute-label u-w-1\/2 u-w-full:sm u-ptb-md u-plr-lg u-bg-gray-lighter\"><span class=\"u-text-semibold u-text-sm\">Puissance nominale<\/span><\/div>\n<div class=\"additional-attribute-data u-w-1\/2 u-w-full:sm u-ptb-md u-plr-lg\"><span class=\"u-text-sm\">9 kW<\/span><\/div>\n<\/div>\n<div class=\"additional-attribute u-flex u-flex-row u-w-1\/2 u-w-full:sm u-flex-column:sm\">\n<div class=\"additional-attribute-label u-w-1\/2 u-w-full:sm u-ptb-md u-plr-lg u-bg-gray-lighter\"><span class=\"u-text-semibold u-text-sm\">Mati\u00e8re<\/span><\/div>\n<div class=\"additional-attribute-data u-w-1\/2 u-w-full:sm u-ptb-md u-plr-lg\"><span class=\"u-text-sm\">Acier<\/span><\/div>\n<\/div>\n<div class=\"additional-attribute u-flex u-flex-row u-w-1\/2 u-w-full:sm u-flex-column:sm\">\n<div class=\"additional-attribute-label u-w-1\/2 u-w-full:sm u-ptb-md u-plr-lg u-bg-gray-lighter\"><span class=\"u-text-semibold u-text-sm\">Chargement<\/span><\/div>\n<div class=\"additional-attribute-data u-w-1\/2 u-w-full:sm u-ptb-md u-plr-lg\"><span class=\"u-text-sm\">Par la fa\u00e7ade<\/span><\/div>\n<\/div>\n<div class=\"additional-attribute u-flex u-flex-row u-w-1\/2 u-w-full:sm u-flex-column:sm\">\n<div class=\"additional-attribute-label u-w-1\/2 u-w-full:sm u-ptb-md u-plr-lg u-bg-gray-lighter\"><span class=\"u-text-semibold u-text-sm\">Classe \u00e9nerg\u00e9tique<\/span><\/div>\n<div class=\"additional-attribute-data u-w-1\/2 u-w-full:sm u-ptb-md u-plr-lg\"><span class=\"u-text-sm\">A<\/span><\/div>\n<\/div>\n<div class=\"additional-attribute u-flex u-flex-row u-w-1\/2 u-w-full:sm u-flex-column:sm\">\n<div class=\"additional-attribute-label u-w-1\/2 u-w-full:sm u-ptb-md u-plr-lg u-bg-gray-lighter\"><span class=\"u-text-semibold u-text-sm\">Combustible<\/span><\/div>\n<div class=\"additional-attribute-data u-w-1\/2 u-w-full:sm u-ptb-md u-plr-lg\"><span class=\"u-text-sm\">B\u00fbches<\/span><\/div>\n<\/div>\n<div class=\"additional-attribute u-flex u-flex-row u-w-1\/2 u-w-full:sm u-flex-column:sm\">\n<div class=\"additional-attribute-label u-w-1\/2 u-w-full:sm u-ptb-md u-plr-lg u-bg-gray-lighter\"><span class=\"u-text-semibold u-text-sm\">Diam\u00e8tre de sortie de buse<\/span><\/div>\n<div class=\"additional-attribute-data u-w-1\/2 u-w-full:sm u-ptb-md u-plr-lg\"><span class=\"u-text-sm\">150 mm<\/span><\/div>\n<\/div>\n<div class=\"additional-attribute u-flex u-flex-row u-w-1\/2 u-w-full:sm u-flex-column:sm\">\n<div class=\"additional-attribute-label u-w-1\/2 u-w-full:sm u-ptb-md u-plr-lg u-bg-gray-lighter\"><span class=\"u-text-semibold u-text-sm\">Dimensions du four<\/span><\/div>\n<div class=\"additional-attribute-data u-w-1\/2 u-w-full:sm u-ptb-md u-plr-lg\"><span class=\"u-text-sm\">L 345 x P 428 x H 280 mm<\/span><\/div>\n<\/div>\n<div class=\"additional-attribute u-flex u-flex-row u-w-1\/2 u-w-full:sm u-flex-column:sm\">\n<div class=\"additional-attribute-label u-w-1\/2 u-w-full:sm u-ptb-md u-plr-lg u-bg-gray-lighter\"><span class=\"u-text-semibold u-text-sm\">Dimensions du foyer<\/span><\/div>\n<div class=\"additional-attribute-data u-w-1\/2 u-w-full:sm u-ptb-md u-plr-lg\"><span class=\"u-text-sm\">L 240 x P 450 x H 440 mm<\/span><\/div>\n<\/div>\n<div class=\"additional-attribute u-flex u-flex-row u-w-1\/2 u-w-full:sm u-flex-column:sm\">\n<div class=\"additional-attribute-label u-w-1\/2 u-w-full:sm u-ptb-md u-plr-lg u-bg-gray-lighter\"><span class=\"u-text-semibold u-text-sm\">Dimensions du produit<\/span><\/div>\n<div class=\"additional-attribute-data u-w-1\/2 u-w-full:sm u-ptb-md u-plr-lg\"><span class=\"u-text-sm\">L 900 x P 645 x H 907 mm<\/span><\/div>\n<\/div>\n<div class=\"additional-attribute u-flex u-flex-row u-w-1\/2 u-w-full:sm u-flex-column:sm\">\n<div class=\"additional-attribute-label u-w-1\/2 u-w-full:sm u-ptb-md u-plr-lg u-bg-gray-lighter\"><span class=\"u-text-semibold u-text-sm\">Emission de CO2<\/span><\/div>\n<div class=\"additional-attribute-data u-w-1\/2 u-w-full:sm u-ptb-md u-plr-lg\"><span class=\"u-text-sm\">0,1157<\/span><\/div>\n<\/div>\n<div class=\"additional-attribute u-flex u-flex-row u-w-1\/2 u-w-full:sm u-flex-column:sm\">\n<div class=\"additional-attribute-label u-w-1\/2 u-w-full:sm u-ptb-md u-plr-lg u-bg-gray-lighter\"><span class=\"u-text-semibold u-text-sm\">Evacuation des fum\u00e9es<\/span><\/div>\n<div class=\"additional-attribute-data u-w-1\/2 u-w-full:sm u-ptb-md u-plr-lg\"><span class=\"u-text-sm\">Dessus<\/span><\/div>\n<\/div>\n<div class=\"additional-attribute u-flex u-flex-row u-w-1\/2 u-w-full:sm u-flex-column:sm\">\n<div class=\"additional-attribute-label u-w-1\/2 u-w-full:sm u-ptb-md u-plr-lg u-bg-gray-lighter\"><span class=\"u-text-semibold u-text-sm\">Finition<\/span><\/div>\n<div class=\"additional-attribute-data u-w-1\/2 u-w-full:sm u-ptb-md u-plr-lg\"><span class=\"u-text-sm\">Gris<\/span><\/div>\n<\/div>\n<div class=\"additional-attribute u-flex u-flex-row u-w-1\/2 u-w-full:sm u-flex-column:sm\">\n<div class=\"additional-attribute-label u-w-1\/2 u-w-full:sm u-ptb-md u-plr-lg u-bg-gray-lighter\"><span class=\"u-text-semibold u-text-sm\">Plus produit<\/span><\/div>\n<div class=\"additional-attribute-data u-w-1\/2 u-w-full:sm u-ptb-md u-plr-lg\"><span class=\"u-text-sm\">Avec four<\/span><\/div>\n<\/div>\n<div class=\"additional-attribute u-flex u-flex-row u-w-1\/2 u-w-full:sm u-flex-column:sm\">\n<div class=\"additional-attribute-label u-w-1\/2 u-w-full:sm u-ptb-md u-plr-lg u-bg-gray-lighter\"><span class=\"u-text-semibold u-text-sm\">Caract\u00e9ristiques techniques<\/span><\/div>\n<div class=\"additional-attribute-data u-w-1\/2 u-w-full:sm u-ptb-md u-plr-lg\">\n<p>&nbsp;<\/p>\n<p><span style=\"font-size: medium;\">&#8211; Type : Cuisini\u00e8re \u00e0 bois<\/span><br \/>\n<span style=\"font-size: medium;\">&#8211; Marque : BELLEZA<\/span><br \/>\n<span style=\"font-size: medium;\">&#8211; Puissance nominale : 9.23 kW<\/span><br \/>\n<span style=\"font-size: medium;\">&#8211; Puissance maximale : 15 kW<\/span><br \/>\n<span style=\"font-size: medium;\">&#8211; Rendement \u00e0 puissance nominale : 76,58%<\/span><br \/>\n<span style=\"font-size: medium;\">&#8211; Emission de particules \u00e0 13% de O2 : 38,10 mg\/Nm3<br \/>\n<\/span><span style=\"font-size: medium;\">&#8211; NOx \u00e0 13% de O2 : 88,64 mg\/Nm3<br \/>\n<\/span><span style=\"font-size: medium;\">&#8211; OGC \u00e0 13% de O2 : 41,50 mg\/Nm3<br \/>\n<\/span><span style=\"font-size: medium;\">&#8211; Consommation de combustible : 2,77 kg\/h<br \/>\n<\/span><span style=\"font-size: medium;\">&#8211; Dimensions du packaging : L 1080 x P 800 x H 1060 mm<\/span><\/p>\n<p>&nbsp;<\/p>\n<\/div>\n<\/div>\n<\/div>\n<div class=\"additional-attributes-hider u-none u-absolute u-w-full\" data-lines-count=\"9\"><button class=\"c-button c-button--reversed show-features u-absolute\">Afficher les caract\u00e9ristiques<\/button><\/div>\n<\/div>\n","protected":false},"excerpt":{"rendered":"<p>&lsquo;- Cuisini\u00e8re \u00e0 bois BELLEZA<br \/>\n&#8211; Puissance : 15 kW<br \/>\n&#8211; Rendement : 76%<br \/>\n&#8211; Couleur : gris<br \/>\n&#8211; Combustible : bois &#8211; b\u00fbche de 25 cm<br \/>\n&#8211; Double combustion<br \/>\n&#8211; Chargement par la fa\u00e7ade<br \/>\n&#8211; Evacuation des fum\u00e9es : dessus<br \/>\n&#8211; Classe \u00e9nerg\u00e9tique : A<br \/>\n&#8211; Faible \u00e9mission de CO2<\/p>\n<p><span style=\"text-decoration: underline;\"><strong>LIVRAISON GRATUITE<\/strong><\/span> (Partout en Europe)<\/p>\n<p><span style=\"color: #218e53;\"><strong>D\u00e9lai de disponibilit\u00e9 : 5 \u00e0 12 jours ouvrables<\/strong><\/span><\/p>\n","protected":false},"featured_media":13644,"comment_status":"closed","ping_status":"closed","template":"","meta":{"googlesitekit_rrm_CAowq8PDDA:productID":""},"product_brand":[],"product_cat":[128,93],"product_tag":[],"class_list":{"0":"post-13496","1":"product","2":"type-product","3":"status-publish","4":"has-post-thumbnail","6":"product_cat-cuisiniere-a-bois-belleza","7":"product_cat-cuisinieres","9":"first","10":"instock","11":"purchasable","12":"product-type-simple"},"jetpack_sharing_enabled":true,"_links":{"self":[{"href":"https:\/\/biomacmarkt.com\/index.php?rest_route=\/wp\/v2\/product\/13496","targetHints":{"allow":["GET"]}}],"collection":[{"href":"https:\/\/biomacmarkt.com\/index.php?rest_route=\/wp\/v2\/product"}],"about":[{"href":"https:\/\/biomacmarkt.com\/index.php?rest_route=\/wp\/v2\/types\/product"}],"replies":[{"embeddable":true,"href":"https:\/\/biomacmarkt.com\/index.php?rest_route=%2Fwp%2Fv2%2Fcomments&post=13496"}],"version-history":[{"count":1,"href":"https:\/\/biomacmarkt.com\/index.php?rest_route=\/wp\/v2\/product\/13496\/revisions"}],"predecessor-version":[{"id":13647,"href":"https:\/\/biomacmarkt.com\/index.php?rest_route=\/wp\/v2\/product\/13496\/revisions\/13647"}],"wp:featuredmedia":[{"embeddable":true,"href":"https:\/\/biomacmarkt.com\/index.php?rest_route=\/wp\/v2\/media\/13644"}],"wp:attachment":[{"href":"https:\/\/biomacmarkt.com\/index.php?rest_route=%2Fwp%2Fv2%2Fmedia&parent=13496"}],"wp:term":[{"taxonomy":"product_brand","embeddable":true,"href":"https:\/\/biomacmarkt.com\/index.php?rest_route=%2Fwp%2Fv2%2Fproduct_brand&post=13496"},{"taxonomy":"product_cat","embeddable":true,"href":"https:\/\/biomacmarkt.com\/index.php?rest_route=%2Fwp%2Fv2%2Fproduct_cat&post=13496"},{"taxonomy":"product_tag","embeddable":true,"href":"https:\/\/biomacmarkt.com\/index.php?rest_route=%2Fwp%2Fv2%2Fproduct_tag&post=13496"}],"curies":[{"name":"wp","href":"https:\/\/api.w.org\/{rel}","templated":true}]}}