{"id":13495,"date":"2023-05-31T00:15:53","date_gmt":"2023-05-30T22:15:53","guid":{"rendered":"https:\/\/biomacmarkt.com\/?post_type=product&#038;p=13495"},"modified":"2024-05-29T19:10:40","modified_gmt":"2024-05-29T17:10:40","slug":"cuisiniere-a-bois-godin-armonnie-rouge-carmin-65-kw","status":"publish","type":"product","link":"https:\/\/biomacmarkt.com\/?product=cuisiniere-a-bois-godin-armonnie-rouge-carmin-65-kw","title":{"rendered":"Cuisini\u00e8re \u00e0 bois GODIN Armonnie Rouge carmin 6,5 kW"},"content":{"rendered":"<p><span class=\"u-mb-lg u-block additional-attributes-row-title\"><span class=\"u-text-2xl u-inline-block u-text-semibold u-mr-xs\">Caract\u00e9ristiques techniques<\/span><\/span><\/p>\n<div class=\"additional-attributes-wrapper u-relative\">\n<div class=\"additional-attributes-block u-flex u-flex-row u-flex-column:sm u-w-full u-flex-wrap u-relative\">\n<div class=\"additional-attribute u-flex u-flex-row u-w-1\/2 u-w-full:sm u-flex-column:sm\">\n<div class=\"additional-attribute-label u-w-1\/2 u-w-full:sm u-ptb-md u-plr-lg u-bg-gray-lighter\"><span class=\"u-text-semibold u-text-sm\">Marque<\/span><\/div>\n<div class=\"additional-attribute-data u-w-1\/2 u-w-full:sm u-ptb-md u-plr-lg\"><span class=\"u-text-sm\"> GODIN<\/span><\/div>\n<\/div>\n<div class=\"additional-attribute u-flex u-flex-row u-w-1\/2 u-w-full:sm u-flex-column:sm\">\n<div class=\"additional-attribute-label u-w-1\/2 u-w-full:sm u-ptb-md u-plr-lg u-bg-gray-lighter\"><span class=\"u-text-semibold u-text-sm\">Taille maximale de b\u00fbche<\/span><\/div>\n<div class=\"additional-attribute-data u-w-1\/2 u-w-full:sm u-ptb-md u-plr-lg\"><span class=\"u-text-sm\">50 cm<\/span><\/div>\n<\/div>\n<div class=\"additional-attribute u-flex u-flex-row u-w-1\/2 u-w-full:sm u-flex-column:sm\">\n<div class=\"additional-attribute-label u-w-1\/2 u-w-full:sm u-ptb-md u-plr-lg u-bg-gray-lighter\"><span class=\"u-text-semibold u-text-sm\">Surface chauff\u00e9e<\/span><\/div>\n<div class=\"additional-attribute-data u-w-1\/2 u-w-full:sm u-ptb-md u-plr-lg\"><span class=\"u-text-sm\">90 \u00e0 240 m3<\/span><\/div>\n<\/div>\n<div class=\"additional-attribute u-flex u-flex-row u-w-1\/2 u-w-full:sm u-flex-column:sm\">\n<div class=\"additional-attribute-label u-w-1\/2 u-w-full:sm u-ptb-md u-plr-lg u-bg-gray-lighter\"><span class=\"u-text-semibold u-text-sm\">Rendement<\/span><\/div>\n<div class=\"additional-attribute-data u-w-1\/2 u-w-full:sm u-ptb-md u-plr-lg\"><span class=\"u-text-sm\">85%<\/span><\/div>\n<\/div>\n<div class=\"additional-attribute u-flex u-flex-row u-w-1\/2 u-w-full:sm u-flex-column:sm\">\n<div class=\"additional-attribute-label u-w-1\/2 u-w-full:sm u-ptb-md u-plr-lg u-bg-gray-lighter\"><span class=\"u-text-semibold u-text-sm\">Puissance nominale<\/span><\/div>\n<div class=\"additional-attribute-data u-w-1\/2 u-w-full:sm u-ptb-md u-plr-lg\"><span class=\"u-text-sm\">6,5 kW<\/span><\/div>\n<\/div>\n<div class=\"additional-attribute u-flex u-flex-row u-w-1\/2 u-w-full:sm u-flex-column:sm\">\n<div class=\"additional-attribute-label u-w-1\/2 u-w-full:sm u-ptb-md u-plr-lg u-bg-gray-lighter\"><span class=\"u-text-semibold u-text-sm\">Mati\u00e8re<\/span><\/div>\n<div class=\"additional-attribute-data u-w-1\/2 u-w-full:sm u-ptb-md u-plr-lg\"><span class=\"u-text-sm\">Acier<\/span><\/div>\n<\/div>\n<div class=\"additional-attribute u-flex u-flex-row u-w-1\/2 u-w-full:sm u-flex-column:sm\">\n<div class=\"additional-attribute-label u-w-1\/2 u-w-full:sm u-ptb-md u-plr-lg u-bg-gray-lighter\"><span class=\"u-text-semibold u-text-sm\">Chargement<\/span><\/div>\n<div class=\"additional-attribute-data u-w-1\/2 u-w-full:sm u-ptb-md u-plr-lg\"><span class=\"u-text-sm\">Par la fa\u00e7ade<\/span><\/div>\n<\/div>\n<div class=\"additional-attribute u-flex u-flex-row u-w-1\/2 u-w-full:sm u-flex-column:sm\">\n<div class=\"additional-attribute-label u-w-1\/2 u-w-full:sm u-ptb-md u-plr-lg u-bg-gray-lighter\"><span class=\"u-text-semibold u-text-sm\">Classe \u00e9nerg\u00e9tique<\/span><\/div>\n<div class=\"additional-attribute-data u-w-1\/2 u-w-full:sm u-ptb-md u-plr-lg\"><span class=\"u-text-sm\">A<\/span><\/div>\n<\/div>\n<div class=\"additional-attribute u-flex u-flex-row u-w-1\/2 u-w-full:sm u-flex-column:sm\">\n<div class=\"additional-attribute-label u-w-1\/2 u-w-full:sm u-ptb-md u-plr-lg u-bg-gray-lighter\"><span class=\"u-text-semibold u-text-sm\">Combustible<\/span><\/div>\n<div class=\"additional-attribute-data u-w-1\/2 u-w-full:sm u-ptb-md u-plr-lg\"><span class=\"u-text-sm\">B\u00fbches<\/span><\/div>\n<\/div>\n<div class=\"additional-attribute u-flex u-flex-row u-w-1\/2 u-w-full:sm u-flex-column:sm\">\n<div class=\"additional-attribute-label u-w-1\/2 u-w-full:sm u-ptb-md u-plr-lg u-bg-gray-lighter\"><span class=\"u-text-semibold u-text-sm\">Diam\u00e8tre de sortie de buse<\/span><\/div>\n<div class=\"additional-attribute-data u-w-1\/2 u-w-full:sm u-ptb-md u-plr-lg\"><span class=\"u-text-sm\">140mm<\/span><\/div>\n<\/div>\n<div class=\"additional-attribute u-flex u-flex-row u-w-1\/2 u-w-full:sm u-flex-column:sm\">\n<div class=\"additional-attribute-label u-w-1\/2 u-w-full:sm u-ptb-md u-plr-lg u-bg-gray-lighter\"><span class=\"u-text-semibold u-text-sm\">Dimensions du four<\/span><\/div>\n<div class=\"additional-attribute-data u-w-1\/2 u-w-full:sm u-ptb-md u-plr-lg\"><span class=\"u-text-sm\">H 37 x L 32 x P 41 cm<\/span><\/div>\n<\/div>\n<div class=\"additional-attribute u-flex u-flex-row u-w-1\/2 u-w-full:sm u-flex-column:sm\">\n<div class=\"additional-attribute-label u-w-1\/2 u-w-full:sm u-ptb-md u-plr-lg u-bg-gray-lighter\"><span class=\"u-text-semibold u-text-sm\">Dimensions du produit<\/span><\/div>\n<div class=\"additional-attribute-data u-w-1\/2 u-w-full:sm u-ptb-md u-plr-lg\"><span class=\"u-text-sm\">H 90 x L 95.5 x P 62 cm<\/span><\/div>\n<\/div>\n<div class=\"additional-attribute u-flex u-flex-row u-w-1\/2 u-w-full:sm u-flex-column:sm\">\n<div class=\"additional-attribute-label u-w-1\/2 u-w-full:sm u-ptb-md u-plr-lg u-bg-gray-lighter\"><span class=\"u-text-semibold u-text-sm\">Emission de CO2<\/span><\/div>\n<div class=\"additional-attribute-data u-w-1\/2 u-w-full:sm u-ptb-md u-plr-lg\"><span class=\"u-text-sm\">0.08%<\/span><\/div>\n<\/div>\n<div class=\"additional-attribute u-flex u-flex-row u-w-1\/2 u-w-full:sm u-flex-column:sm\">\n<div class=\"additional-attribute-label u-w-1\/2 u-w-full:sm u-ptb-md u-plr-lg u-bg-gray-lighter\"><span class=\"u-text-semibold u-text-sm\">Evacuation des fum\u00e9es<\/span><\/div>\n<div class=\"additional-attribute-data u-w-1\/2 u-w-full:sm u-ptb-md u-plr-lg\"><span class=\"u-text-sm\">Arri\u00e8re et dessus<\/span><\/div>\n<\/div>\n<div class=\"additional-attribute u-flex u-flex-row u-w-1\/2 u-w-full:sm u-flex-column:sm\">\n<div class=\"additional-attribute-label u-w-1\/2 u-w-full:sm u-ptb-md u-plr-lg u-bg-gray-lighter\"><span class=\"u-text-semibold u-text-sm\">Finition<\/span><\/div>\n<div class=\"additional-attribute-data u-w-1\/2 u-w-full:sm u-ptb-md u-plr-lg\"><span class=\"u-text-sm\">Rouge<\/span><\/div>\n<\/div>\n<div class=\"additional-attribute u-flex u-flex-row u-w-1\/2 u-w-full:sm u-flex-column:sm\">\n<div class=\"additional-attribute-label u-w-1\/2 u-w-full:sm u-ptb-md u-plr-lg u-bg-gray-lighter\"><span class=\"u-text-semibold u-text-sm\">Foyer<\/span><\/div>\n<div class=\"additional-attribute-data u-w-1\/2 u-w-full:sm u-ptb-md u-plr-lg\"><span class=\"u-text-sm\">Acier<\/span><\/div>\n<\/div>\n<div class=\"additional-attribute u-flex u-flex-row u-w-1\/2 u-w-full:sm u-flex-column:sm\">\n<div class=\"additional-attribute-label u-w-1\/2 u-w-full:sm u-ptb-md u-plr-lg u-bg-gray-lighter\"><span class=\"u-text-semibold u-text-sm\">Plus produit<\/span><\/div>\n<div class=\"additional-attribute-data u-w-1\/2 u-w-full:sm u-ptb-md u-plr-lg\"><span class=\"u-text-sm\">Avec four<\/span><\/div>\n<\/div>\n<div class=\"additional-attribute u-flex u-flex-row u-w-1\/2 u-w-full:sm u-flex-column:sm\">\n<div class=\"additional-attribute-label u-w-1\/2 u-w-full:sm u-ptb-md u-plr-lg u-bg-gray-lighter\"><span class=\"u-text-semibold u-text-sm\">Caract\u00e9ristiques techniques<\/span><\/div>\n<div class=\"additional-attribute-data u-w-1\/2 u-w-full:sm u-ptb-md u-plr-lg\">\n<p>&nbsp;<\/p>\n<p>Lieu de fabrication : France<br \/>\nEmission de poussi\u00e8res : 35<br \/>\nIndice I : 0.4<br \/>\nIndex d&rsquo;efficacit\u00e9 \u00e9nerg\u00e9tique : 102<br \/>\nDistance du sol au dessus de la buse de d\u00e9part arri\u00e8re (cm) 77.5<br \/>\nThermom\u00e8tre garde-r\u00f4t<\/p>\n<\/div>\n<\/div>\n<\/div>\n<\/div>\n","protected":false},"excerpt":{"rendered":"<p>&lsquo;- Cuisini\u00e8re \u00e0 bois GODIN<br \/>\n&#8211; Puissance : 6.5 kW<br \/>\n&#8211; Rendement : 85%<br \/>\n&#8211; Couleur : Rouge<br \/>\n&#8211; Habillage acier \u00e9maill\u00e9 carmin<br \/>\n&#8211; Vision de la flamme<br \/>\n&#8211; Dessus fonte \u00e9maill\u00e9<br \/>\n&#8211; Thermom\u00e8tre incrust\u00e9 dans la vitre du four<br \/>\n&#8211; Tiroir escamotable<\/p>\n<p><span style=\"text-decoration: underline;\"><strong>LIVRAISON GRATUITE<\/strong><\/span> (Partout en Europe)<\/p>\n<p><span style=\"color: #218e53;\"><strong>D\u00e9lai de disponibilit\u00e9 : 5 \u00e0 12 jours ouvrables<\/strong><\/span><\/p>\n","protected":false},"featured_media":13640,"comment_status":"closed","ping_status":"closed","template":"","meta":{"googlesitekit_rrm_CAowq8PDDA:productID":""},"product_brand":[],"product_cat":[127,93],"product_tag":[],"class_list":{"0":"post-13495","1":"product","2":"type-product","3":"status-publish","4":"has-post-thumbnail","6":"product_cat-cuisiniere-a-bois-godin","7":"product_cat-cuisinieres","9":"first","10":"instock","11":"purchasable","12":"product-type-simple"},"jetpack_sharing_enabled":true,"_links":{"self":[{"href":"https:\/\/biomacmarkt.com\/index.php?rest_route=\/wp\/v2\/product\/13495","targetHints":{"allow":["GET"]}}],"collection":[{"href":"https:\/\/biomacmarkt.com\/index.php?rest_route=\/wp\/v2\/product"}],"about":[{"href":"https:\/\/biomacmarkt.com\/index.php?rest_route=\/wp\/v2\/types\/product"}],"replies":[{"embeddable":true,"href":"https:\/\/biomacmarkt.com\/index.php?rest_route=%2Fwp%2Fv2%2Fcomments&post=13495"}],"version-history":[{"count":1,"href":"https:\/\/biomacmarkt.com\/index.php?rest_route=\/wp\/v2\/product\/13495\/revisions"}],"predecessor-version":[{"id":13643,"href":"https:\/\/biomacmarkt.com\/index.php?rest_route=\/wp\/v2\/product\/13495\/revisions\/13643"}],"wp:featuredmedia":[{"embeddable":true,"href":"https:\/\/biomacmarkt.com\/index.php?rest_route=\/wp\/v2\/media\/13640"}],"wp:attachment":[{"href":"https:\/\/biomacmarkt.com\/index.php?rest_route=%2Fwp%2Fv2%2Fmedia&parent=13495"}],"wp:term":[{"taxonomy":"product_brand","embeddable":true,"href":"https:\/\/biomacmarkt.com\/index.php?rest_route=%2Fwp%2Fv2%2Fproduct_brand&post=13495"},{"taxonomy":"product_cat","embeddable":true,"href":"https:\/\/biomacmarkt.com\/index.php?rest_route=%2Fwp%2Fv2%2Fproduct_cat&post=13495"},{"taxonomy":"product_tag","embeddable":true,"href":"https:\/\/biomacmarkt.com\/index.php?rest_route=%2Fwp%2Fv2%2Fproduct_tag&post=13495"}],"curies":[{"name":"wp","href":"https:\/\/api.w.org\/{rel}","templated":true}]}}