{"id":13489,"date":"2023-05-31T00:15:52","date_gmt":"2023-05-30T22:15:52","guid":{"rendered":"https:\/\/biomacmarkt.com\/?post_type=product&#038;p=13489"},"modified":"2023-05-31T15:14:27","modified_gmt":"2023-05-31T13:14:27","slug":"cuisiniere-a-bois-la-nordica-alaska-13-5-kw","status":"publish","type":"product","link":"https:\/\/biomacmarkt.com\/?product=cuisiniere-a-bois-la-nordica-alaska-13-5-kw","title":{"rendered":"Cuisini\u00e8re \u00e0 bois &#8211; LA NORDICA Alaska 13.5 kW"},"content":{"rendered":"<p>La cuisini\u00e8re \u00e0 bois Alaska de la marque La Nordica vous permettra de cuisinier comme jadis gr\u00e2ce \u00e0 sa grande plaque de cuisson tout en chauffant votre logement. Cette superbe cuisini\u00e8re \u00e0 bois en fonte est \u00e9conomique et robuste et vous offre une large vue sur la flamme pour une ambiance chaleureuse.<br \/>\nGr\u00e2ce \u00e0 son entr\u00e9e d&rsquo;air directe, cette cuisini\u00e8re \u00e0 bois peut \u00eatre install\u00e9e dans les maisons types BBC et son grand four de 78 litres, vous permettra de cuisinier plusieurs plats \u00e0 la fois.<br \/>\nInformations cl\u00e9s sur la Cuisini\u00e8re \u00e0 bois &#8211; LA NORDICA Alaska 13.5 kW<br \/>\nRev\u00eatement en fonte et acier \u00e9maill\u00e9<br \/>\nFoyer en fonte et NORDIKER<br \/>\nGrille foyer \u00e0 fonte r\u00e9glable<br \/>\nTiroir range-b\u00fbches<br \/>\nAir primaire et secondaire r\u00e9glable<br \/>\nAir tertiaire pr\u00e9-r\u00e9gl\u00e9e<br \/>\nGrande plaque de cuisson de 100 cm<br \/>\nCapacit\u00e9 du four : 78 L<br \/>\nFour avec soupape anti-vapeur<br \/>\n\u00c9vacuation des fum\u00e9es : Arri\u00e8re \/ Sup\u00e9rieur<br \/>\nRaccord pour une prise d&rsquo;air externe directement sur l&rsquo;appareil<br \/>\nPlat pour le four : INCLUS<br \/>\nGrille pour le four : INCLUS<br \/>\nGrille inox de cuisson : INCLUS<br \/>\nTaille des b\u00fbches : 50 cm (sous r\u00e9serve du respect des donn\u00e9es de consommation horaire fournies pour le mod\u00e8le)<br \/>\nCaract\u00e9ristiques techniques de la Cuisini\u00e8re \u00e0 bois &#8211; LA NORDICA Alaska 13.5 kW<br \/>\nPuissance nominale : 12 kW<br \/>\nPuissance br\u00fbl\u00e9e : 13.5 kW<br \/>\nVolume de chauffe : 344 m3<br \/>\nDimensions : L 1307 x H 860 x P 705 mm<br \/>\nDimensions du foyer : L 400 x H 340 X P 460 mm<br \/>\nDimensions du four : L 434 x H 418 x P 430 mm<br \/>\nPoids : 350 kg<br \/>\nRendement : 88.6 %<br \/>\nConsommation : 3.2 kg\/h<br \/>\nDiam\u00e8tre sortie de fum\u00e9es : 150 mm<br \/>\nDiam\u00e8tre arriv\u00e9e d&rsquo;air : 100 mm<br \/>\nClasse \u00e9nerg\u00e9tique : A+<br \/>\nSch\u00e9ma explicatif de la Cuisini\u00e8re \u00e0 bois &#8211; LA NORDICA Alaska 13.5 kW<br \/>\nCliquez sur le lien suivant pour retrouver le Manuel Utilisateur : T\u00c9L\u00c9CHARGER LE MANUEL<\/p>\n<p>Les diff\u00e9rents syst\u00e8mes de la Cuisini\u00e8re \u00e0 bois &#8211; LA NORDICA Alaska 13.5 kW<br \/>\nCGC Clean Glass Control : Ce syst\u00e8me qui gr\u00e2ce \u00e0 un parcours sp\u00e9cifique d&rsquo;air pr\u00e9chauff\u00e9 \u00e9vite efficacement l&rsquo;encrassement de la vitre du foyer, son entretien est ainsi facilit\u00e9.<br \/>\nResistant Door at the Time (RDT) : Les portes des produits, r\u00e9alis\u00e9es en fonte de qualit\u00e9 \u00e9lev\u00e9e, sont inalt\u00e9rables dans le temps et garantissent une \u00e9tanch\u00e9it\u00e9 constante.<br \/>\nBBC (Prise d&rsquo;air Direct Externe) : Ce syst\u00e8me pr\u00e9l\u00e8ve l&rsquo;air frais de l&rsquo;ext\u00e9rieur pour la combustion en l&rsquo;introduisant directement dans la chambre de combustion. (Ceci n&rsquo;est pas une chambre \u00e9tanche)<br \/>\nNORDIKER : Pour la r\u00e9alisation des parties r\u00e9fractaires, la marque La Nordica a brevet\u00e9 ce mat\u00e9riau ultra r\u00e9sistant pouvant r\u00e9sister \u00e0 des temp\u00e9ratures de combustion tr\u00e8s \u00e9lev\u00e9s. La couleur claire du mat\u00e9riau intensifie la luminosit\u00e9 de la flamme et offre une simplicit\u00e9 d&rsquo;entretien.<br \/>\nPost Combustion System : Le syst\u00e8me de combustion d\u00e9velopp\u00e9 par La Nordica-Extraflame permet, gr\u00e2ce \u00e0 un syst\u00e8me d\u2019air secondaire\/tertiaire, une postcombustion en mesure de r\u00e9duire drastiquement les \u00e9missions et donc de respecter les norme europ\u00e9ennes les plus s\u00e9v\u00e8res.<br \/>\nA propos du fabricant : La Nordica est sp\u00e9cialis\u00e9e dans la conception, le d\u00e9veloppement et de la production des po\u00eales \u00e0 pellets et des cuisini\u00e8re \u00e0 bois. Elle propose le meilleur du made in Italy ! Avec des produits innovants et technologiques qui s\u2019adaptent \u00e0 tout types de besoins.<br \/>\nVous cherchez un mod\u00e8le similaire ? D\u00e9couvrez un autre mod\u00e8le de cuisini\u00e8re \u00e0 bois<br \/>\nVous cherchez un mod\u00e8le plus petit ? Voici un mod\u00e8le de\u00a0cuisini\u00e8re \u00e0 bois moins encombrant !<br \/>\nD\u00e9couvrez tous nos mod\u00e8les de cuisini\u00e8res \u00e0 bois<\/p>\n<p>Garantie\u00a0:\u00a0Nous vous rappelons que pour la garantie, l&rsquo;installation doit \u00eatre conforme au mode d&#8217;emploi (pr\u00e9conisation du fabricant) et doit respecter les normes en vigueur du pays, pour la France DTU 24.1 ou 24.2.<br \/>\nDe plus, comme pour tous les po\u00eales \u00e0 granul\u00e9s, les appareils sont \u00e0 r\u00e9gler en fonction du tirage naturel de l&rsquo;installation choisie.<\/p>\n","protected":false},"excerpt":{"rendered":"<h1>Cuisini\u00e8re \u00e0 bois &#8211; LA NORDICA Alaska 13.5 kW<\/h1>\n<div><\/div>\n<p id=\"product_reference\"><label>R\u00e9f\u00e9rence <\/label><br \/>\n<span class=\"editable\">PRE-COMMANDES-199023<\/span><\/p>\n<p id=\"product_condition\"><label>\u00c9tat : <\/label><br \/>\n<span class=\"editable\">Neuf<\/span><\/p>\n<div id=\"short_description_block\">\n<div id=\"short_description_content\" class=\"rte align_justify\">\n<ul>\n<li>Marque LA NORDICA<\/li>\n<li>Garantie 2 ans pi\u00e8ces<\/li>\n<li>Fabriqu\u00e9 en Italie<\/li>\n<li>Non \u00e9tanche : Zone 1<\/li>\n<li>Flamme Verte 7*<\/li>\n<li>EcoDesign 2022<\/li>\n<\/ul>\n<p><span style=\"text-decoration: underline;\"><strong>LIVRAISON GRATUITE<\/strong><\/span> (Partout en Europe)<\/p>\n<p><span style=\"color: #218e53;\"><strong><span style=\"color: #218e53;\"><strong><strong><span style=\"color: #218e53;\"><strong><span style=\"color: #218e53;\"><span style=\"color: #218e53;\"><strong><span style=\"color: #218e53;\"><strong><strong><span style=\"color: #218e53;\"><strong><span style=\"color: #218e53;\"><strong><span style=\"color: #218e53;\"><strong><span style=\"color: #218e53;\">D\u00e9lai de disponibilit\u00e9 : 2 semaines \u00e0 7 semaines<\/span><\/strong><\/span><\/strong><\/span><\/strong><\/span><\/strong><\/strong><\/span><\/strong><\/span><\/span><\/strong><\/span><\/strong><\/strong><\/span><\/strong><\/span><\/p>\n<\/div>\n<\/div>\n","protected":false},"featured_media":13604,"comment_status":"closed","ping_status":"closed","template":"","meta":{"googlesitekit_rrm_CAowq8PDDA:productID":""},"product_brand":[],"product_cat":[93,96],"product_tag":[],"class_list":{"0":"post-13489","1":"product","2":"type-product","3":"status-publish","4":"has-post-thumbnail","6":"product_cat-cuisinieres","7":"product_cat-cuisinieres-a-bois-avec-prise-dair-direct","9":"first","10":"instock","11":"purchasable","12":"product-type-simple"},"jetpack_sharing_enabled":true,"_links":{"self":[{"href":"https:\/\/biomacmarkt.com\/index.php?rest_route=\/wp\/v2\/product\/13489","targetHints":{"allow":["GET"]}}],"collection":[{"href":"https:\/\/biomacmarkt.com\/index.php?rest_route=\/wp\/v2\/product"}],"about":[{"href":"https:\/\/biomacmarkt.com\/index.php?rest_route=\/wp\/v2\/types\/product"}],"replies":[{"embeddable":true,"href":"https:\/\/biomacmarkt.com\/index.php?rest_route=%2Fwp%2Fv2%2Fcomments&post=13489"}],"version-history":[{"count":1,"href":"https:\/\/biomacmarkt.com\/index.php?rest_route=\/wp\/v2\/product\/13489\/revisions"}],"predecessor-version":[{"id":13614,"href":"https:\/\/biomacmarkt.com\/index.php?rest_route=\/wp\/v2\/product\/13489\/revisions\/13614"}],"wp:featuredmedia":[{"embeddable":true,"href":"https:\/\/biomacmarkt.com\/index.php?rest_route=\/wp\/v2\/media\/13604"}],"wp:attachment":[{"href":"https:\/\/biomacmarkt.com\/index.php?rest_route=%2Fwp%2Fv2%2Fmedia&parent=13489"}],"wp:term":[{"taxonomy":"product_brand","embeddable":true,"href":"https:\/\/biomacmarkt.com\/index.php?rest_route=%2Fwp%2Fv2%2Fproduct_brand&post=13489"},{"taxonomy":"product_cat","embeddable":true,"href":"https:\/\/biomacmarkt.com\/index.php?rest_route=%2Fwp%2Fv2%2Fproduct_cat&post=13489"},{"taxonomy":"product_tag","embeddable":true,"href":"https:\/\/biomacmarkt.com\/index.php?rest_route=%2Fwp%2Fv2%2Fproduct_tag&post=13489"}],"curies":[{"name":"wp","href":"https:\/\/api.w.org\/{rel}","templated":true}]}}